{"id":613,"date":"2017-11-02T15:14:03","date_gmt":"2017-11-02T15:14:03","guid":{"rendered":"https:\/\/vs-a.fr\/?page_id=613"},"modified":"2017-11-14T15:27:02","modified_gmt":"2017-11-14T15:27:02","slug":"contact-us","status":"publish","type":"page","link":"https:\/\/vs-a.fr\/en\/contact-us\/","title":{"rendered":"Contact us"},"content":{"rendered":"<h2>Vigui\u00e9 Schmidt &amp; associ\u00e9s<\/h2>\n<h3>Avocats \u00e0 la Cour<\/h3>\n<p>A.A.R.P.I<br \/>\n146 Boulevard Haussmann &#8211; 75008 Paris, France<br \/>\nTel.: +33 (0)1 44 70 10 70<br \/>\nFax: +33 (0)1 44 70 10 99<br \/>\nEmail: <a href=\"mailto:contact@vs-a.fr\">contact@vs-a.fr<\/a><br \/>\nPalais: R\u00a0145<\/p>\n<h3>Access<\/h3>\n<p>Metro: Lines 13 et 9 &#8211; Miromesnil<br \/>\nBus: Lines 22, 28, 32, 43, 80, 84<br \/>\nV\u00e9lib\u2019: 2 avenue Messine &#8211; 75008 Paris<br \/>\nParking: Haussmann-Berri (Indigo), entrance 155 Boulevard Haussmann<\/p>\n","protected":false},"excerpt":{"rendered":"<p>Vigui\u00e9 Schmidt &amp; associ\u00e9s Avocats \u00e0 la Cour A.A.R.P.I 146 Boulevard Haussmann &#8211; 75008 Paris, France Tel.: +33 (0)1 44 70 10 70 Fax: +33 (0)1 44 70 10 99 Email: contact@vs-a.fr Palais: R\u00a0145 Access Metro: Lines 13 et 9 &#8211; Miromesnil Bus: Lines 22, 28, 32, 43, 80, 84 V\u00e9lib\u2019: 2 avenue Messine &#8211;&#8230;  <a class=\"excerpt-read-more\" href=\"https:\/\/vs-a.fr\/en\/contact-us\/\" title=\"Read Contact us\">Read more &raquo;<\/a><\/p>\n","protected":false},"author":1,"featured_media":0,"parent":0,"menu_order":0,"comment_status":"closed","ping_status":"closed","template":"page-templates\/contact-template.php","meta":{"_acf_changed":false,"footnotes":""},"class_list":["post-613","page","type-page","status-publish","hentry"],"acf":[],"_links":{"self":[{"href":"https:\/\/vs-a.fr\/en\/wp-json\/wp\/v2\/pages\/613","targetHints":{"allow":["GET"]}}],"collection":[{"href":"https:\/\/vs-a.fr\/en\/wp-json\/wp\/v2\/pages"}],"about":[{"href":"https:\/\/vs-a.fr\/en\/wp-json\/wp\/v2\/types\/page"}],"author":[{"embeddable":true,"href":"https:\/\/vs-a.fr\/en\/wp-json\/wp\/v2\/users\/1"}],"replies":[{"embeddable":true,"href":"https:\/\/vs-a.fr\/en\/wp-json\/wp\/v2\/comments?post=613"}],"version-history":[{"count":2,"href":"https:\/\/vs-a.fr\/en\/wp-json\/wp\/v2\/pages\/613\/revisions"}],"predecessor-version":[{"id":834,"href":"https:\/\/vs-a.fr\/en\/wp-json\/wp\/v2\/pages\/613\/revisions\/834"}],"wp:attachment":[{"href":"https:\/\/vs-a.fr\/en\/wp-json\/wp\/v2\/media?parent=613"}],"curies":[{"name":"wp","href":"https:\/\/api.w.org\/{rel}","templated":true}]}}